{"id":522,"date":"2023-07-04T16:19:16","date_gmt":"2023-07-04T16:19:16","guid":{"rendered":"https:\/\/anuncios.vcisoft.com.br\/?page_id=522"},"modified":"2023-07-04T16:51:18","modified_gmt":"2023-07-04T16:51:18","slug":"teste","status":"publish","type":"page","link":"https:\/\/anuncios.vcisoft.com.br\/index.php\/novo-modelo\/home\/teste\/","title":{"rendered":"Atendimento"},"content":{"rendered":"\t\t<div data-elementor-type=\"wp-page\" data-elementor-id=\"522\" class=\"elementor elementor-522\">\n\t\t\t\t\t\t<section class=\"elementor-section elementor-top-section elementor-element elementor-element-b5cc6dd elementor-section-boxed elementor-section-height-default elementor-section-height-default\" data-id=\"b5cc6dd\" data-element_type=\"section\">\n\t\t\t\t\t\t\t<div class=\"elementor-background-overlay\"><\/div>\n\t\t\t\t\t\t\t<div class=\"elementor-container elementor-column-gap-default\">\n\t\t\t\t\t<div class=\"elementor-column elementor-col-100 elementor-top-column elementor-element elementor-element-d9ac8d2\" data-id=\"d9ac8d2\" data-element_type=\"column\">\n\t\t\t<div class=\"elementor-widget-wrap elementor-element-populated\">\n\t\t\t\t\t\t<div class=\"elementor-element elementor-element-794875b elementor-widget elementor-widget-heading\" data-id=\"794875b\" data-element_type=\"widget\" data-widget_type=\"heading.default\">\n\t\t\t\t<div class=\"elementor-widget-container\">\n\t\t\t\t\t<h2 class=\"elementor-heading-title elementor-size-default\">CLIQUE NO BOT\u00c3O ABAIXO!<\/h2>\t\t\t\t<\/div>\n\t\t\t\t<\/div>\n\t\t\t\t<div class=\"elementor-element elementor-element-9bc78e1 elementor-widget elementor-widget-text-editor\" data-id=\"9bc78e1\" data-element_type=\"widget\" data-widget_type=\"text-editor.default\">\n\t\t\t\t<div class=\"elementor-widget-container\">\n\t\t\t\t\t\t\t\t\t<p style=\"text-align: center;\"><span style=\"color: #ffffff;\">Voc\u00ea ser\u00e1 encaminhado para nosso atendimento via WhatsApp.<\/span><\/p>\t\t\t\t\t\t\t\t<\/div>\n\t\t\t\t<\/div>\n\t\t\t\t<div class=\"elementor-element elementor-element-e59dba5 elementor-align-center elementor-invisible elementor-widget elementor-widget-button\" data-id=\"e59dba5\" data-element_type=\"widget\" data-settings=\"{&quot;_animation&quot;:&quot;fadeInLeft&quot;}\" data-widget_type=\"button.default\">\n\t\t\t\t<div class=\"elementor-widget-container\">\n\t\t\t\t\t\t\t\t\t<div class=\"elementor-button-wrapper\">\n\t\t\t\t\t<a class=\"elementor-button elementor-button-link elementor-size-sm\" href=\"https:\/\/wa.me\/5594992143444?text=Ol%C3%A1%2C+quero+saber+mais+sobre+o+sistema+de+gest%C3%A3o+da+VCISoft%21\">\n\t\t\t\t\t\t<span class=\"elementor-button-content-wrapper\">\n\t\t\t\t\t\t\t\t\t<span class=\"elementor-button-text\">WHATSAPP<\/span>\n\t\t\t\t\t<\/span>\n\t\t\t\t\t<\/a>\n\t\t\t\t<\/div>\n\t\t\t\t\t\t\t\t<\/div>\n\t\t\t\t<\/div>\n\t\t\t\t\t<\/div>\n\t\t<\/div>\n\t\t\t\t\t<\/div>\n\t\t<\/section>\n\t\t\t\t<\/div>\n\t\t","protected":false},"excerpt":{"rendered":"<p>CLIQUE NO BOT\u00c3O ABAIXO! Voc\u00ea ser\u00e1 encaminhado para nosso atendimento via WhatsApp. WHATSAPP<\/p>\n","protected":false},"author":1,"featured_media":0,"parent":10,"menu_order":0,"comment_status":"closed","ping_status":"closed","template":"elementor_canvas","meta":{"two_page_speed":[],"footnotes":""},"class_list":["post-522","page","type-page","status-publish","hentry"],"brizy_media":[],"_links":{"self":[{"href":"https:\/\/anuncios.vcisoft.com.br\/index.php\/wp-json\/wp\/v2\/pages\/522","targetHints":{"allow":["GET"]}}],"collection":[{"href":"https:\/\/anuncios.vcisoft.com.br\/index.php\/wp-json\/wp\/v2\/pages"}],"about":[{"href":"https:\/\/anuncios.vcisoft.com.br\/index.php\/wp-json\/wp\/v2\/types\/page"}],"author":[{"embeddable":true,"href":"https:\/\/anuncios.vcisoft.com.br\/index.php\/wp-json\/wp\/v2\/users\/1"}],"replies":[{"embeddable":true,"href":"https:\/\/anuncios.vcisoft.com.br\/index.php\/wp-json\/wp\/v2\/comments?post=522"}],"version-history":[{"count":23,"href":"https:\/\/anuncios.vcisoft.com.br\/index.php\/wp-json\/wp\/v2\/pages\/522\/revisions"}],"predecessor-version":[{"id":1311,"href":"https:\/\/anuncios.vcisoft.com.br\/index.php\/wp-json\/wp\/v2\/pages\/522\/revisions\/1311"}],"up":[{"embeddable":true,"href":"https:\/\/anuncios.vcisoft.com.br\/index.php\/wp-json\/wp\/v2\/pages\/10"}],"wp:attachment":[{"href":"https:\/\/anuncios.vcisoft.com.br\/index.php\/wp-json\/wp\/v2\/media?parent=522"}],"curies":[{"name":"wp","href":"https:\/\/api.w.org\/{rel}","templated":true}]}}